{"id":273,"date":"2018-05-12T12:52:58","date_gmt":"2018-05-12T12:52:58","guid":{"rendered":"https:\/\/www.irohouse.com\/?page_id=273"},"modified":"2018-05-12T14:24:41","modified_gmt":"2018-05-12T14:24:41","slug":"cookie-policy","status":"publish","type":"page","link":"https:\/\/www.irohouse.com\/de\/cookie-policy\/","title":{"rendered":"Cookie policy"},"content":{"rendered":"<p>[et_pb_section fb_built=&#8220;1&#8243; admin_label=&#8220;section&#8220; _builder_version=&#8220;3.0.47&#8243;][et_pb_row admin_label=&#8220;row&#8220; _builder_version=&#8220;3.0.47&#8243; background_size=&#8220;initial&#8220; background_position=&#8220;top_left&#8220; background_repeat=&#8220;repeat&#8220;][et_pb_column type=&#8220;4_4&#8243; _builder_version=&#8220;3.0.47&#8243; parallax=&#8220;off&#8220; parallax_method=&#8220;on&#8220;][et_pb_text admin_label=&#8220;Text&#8220; _builder_version=&#8220;3.0.95&#8243; background_size=&#8220;initial&#8220; background_position=&#8220;top_left&#8220; background_repeat=&#8220;repeat&#8220;]<\/p>\n<ol>\n<li>Diese Cookie-Richtlinie (&#8222;Richtlinie&#8220;) soll Sie dar\u00fcber informieren, wie das Hotel eine Technologie namens &#8222;Cookies&#8220; verwendet. Diese Richtlinie soll Ihnen helfen, fundierte Entscheidungen bei der Nutzung unserer Website (&#8222;Website&#8220;) zu treffen. Bitte nehmen Sie sich eine Minute Zeit, um diese Richtlinie zu lesen und zu verstehen.<\/li>\n<li>Diese Richtlinie sollte auch in Verbindung mit unserer <a href=\"https:\/\/www.irohouse.com\/datenschutzerklaerung\/\" target=\"_blank\" rel=\"noopener noreferrer\" title=\"Datenschutzerkl\u00e4rung\">Datenschutzerkl\u00e4rung<\/a> gelesen werden.<\/li>\n<li>Wenn Sie unsere Website weiterhin nutzen, stimmen Sie der Verwendung der in dieser Richtlinie beschriebenen Cookies zu. Wenn Sie der Verwendung von Cookies nicht zustimmen, lesen Sie bitte Abschnitt 5 dieser Richtlinie (Blockieren von Cookies).<\/li>\n<li>Was sind Cookies und was machen sie?<\/li>\n<li>Ein Cookie ist ein sehr kleines Textdokument, das oft eine anonyme eindeutige Kennung enth\u00e4lt. Wenn Sie eine Website besuchen, fragt ein Computer Ihren Computer nach der Berechtigung zum Speichern dieser Datei in einem Teil Ihrer Festplatte, der speziell f\u00fcr Cookies vorgesehen ist.<\/li>\n<li>Cookies machen viele verschiedene Aufgaben. Einige sind wesentlich f\u00fcr das Funktionieren einer Website; andere sind nicht. Informationen, die durch Cookies gesammelt werden, k\u00f6nnen das Datum und die Uhrzeit der Besuche auf einer Website, der besuchten Seiten und der auf einer Website verbrachten Zeit umfassen.<\/li>\n<li>Weitere allgemeine Informationen zu Cookies und \u00e4hnlichen Technologien finden Sie auf der &#8222;All About Cookies&#8220; -Website hier: <a href=\"http:\/\/www.allaboutcookies.org\/\">http:\/\/www.allaboutcookies.org\/<\/a> .<\/li>\n<li>Cookies, die wir auf unserer Website verwenden<\/li>\n<li>Essentielle Cookies: Dies sind Cookies, die f\u00fcr den Betrieb unserer Website ben\u00f6tigt werden. Dazu geh\u00f6ren beispielsweise Cookies, mit denen Sie auf unserer Website navigieren und sich in sicheren Bereichen anmelden k\u00f6nnen.<\/li>\n<li>Funktionalit\u00e4ts-Cookies: Diese Cookies werden verwendet, um Sie zu erkennen, wenn Sie auf unsere Website zur\u00fcckkehren. Dadurch k\u00f6nnen wir unsere Inhalte f\u00fcr Sie personalisieren, Sie mit Namen begr\u00fc\u00dfen und sich an Ihre Pr\u00e4ferenzen erinnern.<\/li>\n<li>Analytische Cookies: Diese Cookies erm\u00f6glichen es uns, die Anzahl der Besucher unserer Website zu erkennen und zu z\u00e4hlen, um zu sehen, wie sie sich darin bewegen und welche Teile unserer Website am beliebtesten sind. Sie helfen uns, die Funktionsweise unserer Website zu verbessern, indem wir beispielsweise sicherstellen, dass Nutzer das finden, wonach sie suchen.<\/li>\n<li>Targeting-Cookies: Diese Cookies erfassen Ihre Besuche auf unserer Website, die von Ihnen besuchten Seiten und die von Ihnen verfolgten Links. Wir werden diese Informationen verwenden, um unsere Website und die darauf angezeigte Werbung f\u00fcr Ihre Interessen relevanter zu gestalten. Wir k\u00f6nnen diese Informationen (in anonymisierter Form) auch zu diesem Zweck an Dritte weitergeben.<\/li>\n<li>Viele unserer Cookies verfallen am Ende Ihrer Sitzung oder innerhalb von zwei Tagen, obwohl einige bis zu zehn Jahre bestehen bleiben k\u00f6nnen.<\/li>\n<li>Weitere Informationen zu den einzelnen Cookies, die wir verwenden, und den Zwecken, f\u00fcr die sie verwendet werden, finden Sie in der folgenden Tabelle:<\/li>\n<\/ol>\n<table width=\"951\">\n<thead>\n<tr>\n<td width=\"410\">\n<p><strong>\u00a0<\/strong><\/p>\n<p><strong>Cookie<\/strong><\/p>\n<\/td>\n<td width=\"445\"><strong>PURPOSE<\/strong><\/td>\n<td width=\"97\"><strong>DURATION<\/strong><\/td>\n<\/tr>\n<tr>\n<td width=\"410\">_ICL_current_language<\/td>\n<td width=\"445\">This cookie name is associated with a WordPress multilingual plug-in from WPML. It stores a language value for the website. Where the cookie is set in response to a user action or request, and as long as it has a short lifespan, it can be treated as strictly necessary.<\/td>\n<td width=\"97\"><strong>24 hours<\/strong><\/td>\n<\/tr>\n<\/thead>\n<tbody>\n<tr>\n<td width=\"410\">_ga, 1P_JAR, GMAIL RTT, OTZ, S, SIDCC<\/td>\n<td width=\"445\">\n<p>Our Website contains cookies from Google, including Google Analytics, which is a web analytics service provided by Google, Inc. The \u201c_ga\u201d cookie is used by Google Analytics to distinguished Website users. The \u201c1_P JAR\u201d cookie is used to gather website statistics and track conversion rates. \u201cGMAIL_RTT\u201d is a cookie that relates to Google services (such as Google Maps or Gmail). \u201cOTZ\u201d is a cookie used by Google Analytics that provides an aggregate analysis of Website visitors. The \u201cS\u201d cookie may collect certain information used to help improve services, including the pages users visit most often and whether users get error messages from certain pages. This cookie may also be used to anonymously measure the effectiveness of PPC (pay per click) and affiliate advertising. \u201cSIDCC\u201d is a security cookie to protect a user\u2019s data from unauthorized access.<\/p>\n<p><a href=\"http:\/\/www.google.com\/intl\/en\/analytics\/privacyoverview.html\">http:\/\/www.google.com\/intl\/en\/analytics\/privacyoverview.html<\/a><\/p>\n<\/td>\n<td width=\"97\">Session to two years.<\/td>\n<\/tr>\n<tr>\n<td width=\"410\">APISID, HSID, NID, SAPISID, SID, SSID<\/td>\n<td width=\"445\">Google set a number of cookies on any page that includes a Google Map. While we have no control over the cookies set by Google, they appear to include a mixture of pieces of information to measure the number and behavior of Google Maps users.<\/td>\n<td width=\"97\">Most of the cookies expire 10 years after your last visit to a page containing a Google Map.<\/td>\n<\/tr>\n<tr>\n<td width=\"410\">wordpress_logged_in_8a3504527b925fcc1dc30ec8c4af90ee<\/td>\n<td width=\"445\">This cookie issued by WordPress tracks if a user is currently logged into admin.<\/td>\n<td width=\"97\">Session.<\/td>\n<\/tr>\n<tr>\n<td width=\"410\">wordpress_test_cookie<\/td>\n<td width=\"445\">WordPress sets this cookie when you navigate to the login page. The cookie is used to check whether your web browser is set to allow, or reject cookies.<\/td>\n<td width=\"97\">Session.<\/td>\n<\/tr>\n<tr>\n<td width=\"410\">wp-settings-2, wp-settings-time-2<\/td>\n<td width=\"445\">WordPress uses these cookies to customize the Website\u2019s view of admin interface and possibly also the main Website interface.<\/td>\n<td width=\"97\">One year.<\/td>\n<\/tr>\n<\/tbody>\n<\/table>\n<p>&nbsp;<\/p>\n<p>&nbsp;<\/p>\n<ol start=\"4\">\n<li>Cookies von Drittanbietern<\/li>\n<li>Dritte (z. B. Werbenetzwerke und Anbieter von externen Diensten wie Web-Analysedienste) k\u00f6nnen ebenfalls Cookies verwenden. Bei Cookies von Drittanbietern, die Sie auf unserer Website finden, handelt es sich wahrscheinlich um Analyse-, Leistungs- oder Ziel-Cookies. Diese Cookies werden von der jeweiligen dritten Partei platziert und wir haben keine Kontrolle \u00fcber diese Cookies (au\u00dfer dass sie zugestellt werden k\u00f6nnen).<\/li>\n<li>Cookies blockieren<\/li>\n<li>Sie k\u00f6nnen die Verwendung von Cookies durch Aktivierung der Einstellungen in Ihrem Browser blockieren. Umfassende Informationen zur Cookie-Verwaltung und -Blockierung f\u00fcr eine Vielzahl von Browsern finden Sie auf der &#8222;All About Cookies&#8220; -Website unter <a href=\"http:\/\/www.allaboutcookies.org\/\">http:\/\/www.allaboutcookies.org\/<\/a> .<\/li>\n<li>Sie k\u00f6nnen auch alle auf der Website verwendeten Google Analytics-Cookies mit einem Browser-Plug-in deaktivieren, das unter <a href=\"https:\/\/tools.google.com\/dlpage\/gaoptout?hl=de\">https:\/\/tools.google.com\/dlpage\/gaoptout?hl=de<\/a> verf\u00fcgbar ist.<\/li>\n<li>Bitte beachten Sie, dass, wenn Sie Ihre Browsereinstellungen verwenden, um alle Cookies (einschlie\u00dflich essentieller Cookies) zu blockieren, dazu f\u00fchren kann, dass Teile unserer Website nicht richtig oder gar nicht funktionieren.<\/li>\n<\/ol>\n<p>[\/et_pb_text][\/et_pb_column][\/et_pb_row][\/et_pb_section]<\/p>\n","protected":false},"excerpt":{"rendered":"<p>Diese Cookie-Richtlinie (&#8222;Richtlinie&#8220;) soll Sie dar\u00fcber informieren, wie das Hotel eine Technologie namens &#8222;Cookies&#8220; verwendet. Diese Richtlinie soll Ihnen helfen, fundierte Entscheidungen bei der Nutzung unserer Website (&#8222;Website&#8220;) zu treffen. Bitte nehmen Sie sich eine Minute Zeit, um diese Richtlinie zu lesen und zu verstehen. Diese Richtlinie sollte auch in Verbindung mit unserer Datenschutzerkl\u00e4rung gelesen [&hellip;]<\/p>\n","protected":false},"author":1,"featured_media":0,"parent":0,"menu_order":0,"comment_status":"closed","ping_status":"closed","template":"","meta":{"_et_pb_use_builder":"on","_et_pb_old_content":"<ol>\r\n \t<li>Diese Cookie-Richtlinie (\"Richtlinie\") soll Sie dar\u00fcber informieren, wie das Hotel eine Technologie namens \"Cookies\" verwendet. Diese Richtlinie soll Ihnen helfen, fundierte Entscheidungen bei der Nutzung unserer Website (\"Website\") zu treffen. Bitte nehmen Sie sich eine Minute Zeit, um diese Richtlinie zu lesen und zu verstehen.<\/li>\r\n \t<li>Diese Richtlinie sollte auch in Verbindung mit unserer Datenschutzerkl\u00e4rung gelesen werden.<\/li>\r\n \t<li>Wenn Sie unsere Website weiterhin nutzen, stimmen Sie der Verwendung der in dieser Richtlinie beschriebenen Cookies zu. Wenn Sie der Verwendung von Cookies nicht zustimmen, lesen Sie bitte Abschnitt 5 dieser Richtlinie (Blockieren von Cookies).<\/li>\r\n \t<li>Was sind Cookies und was machen sie?<\/li>\r\n \t<li>Ein Cookie ist ein sehr kleines Textdokument, das oft eine anonyme eindeutige Kennung enth\u00e4lt. Wenn Sie eine Website besuchen, fragt ein Computer Ihren Computer nach der Berechtigung zum Speichern dieser Datei in einem Teil Ihrer Festplatte, der speziell f\u00fcr Cookies vorgesehen ist.<\/li>\r\n \t<li>Cookies machen viele verschiedene Aufgaben. Einige sind wesentlich f\u00fcr das Funktionieren einer Website; andere sind nicht. Informationen, die durch Cookies gesammelt werden, k\u00f6nnen das Datum und die Uhrzeit der Besuche auf einer Website, der besuchten Seiten und der auf einer Website verbrachten Zeit umfassen.<\/li>\r\n \t<li>Weitere allgemeine Informationen zu Cookies und \u00e4hnlichen Technologien finden Sie auf der \"All About Cookies\" -Website hier: <a href=\"http:\/\/www.allaboutcookies.org\/\">http:\/\/www.allaboutcookies.org\/<\/a> .<\/li>\r\n \t<li>Cookies, die wir auf unserer Website verwenden<\/li>\r\n \t<li>Essentielle Cookies: Dies sind Cookies, die f\u00fcr den Betrieb unserer Website ben\u00f6tigt werden. Dazu geh\u00f6ren beispielsweise Cookies, mit denen Sie auf unserer Website navigieren und sich in sicheren Bereichen anmelden k\u00f6nnen.<\/li>\r\n \t<li>Funktionalit\u00e4ts-Cookies: Diese Cookies werden verwendet, um Sie zu erkennen, wenn Sie auf unsere Website zur\u00fcckkehren. Dadurch k\u00f6nnen wir unsere Inhalte f\u00fcr Sie personalisieren, Sie mit Namen begr\u00fc\u00dfen und sich an Ihre Pr\u00e4ferenzen erinnern.<\/li>\r\n \t<li>Analytische Cookies: Diese Cookies erm\u00f6glichen es uns, die Anzahl der Besucher unserer Website zu erkennen und zu z\u00e4hlen, um zu sehen, wie sie sich darin bewegen und welche Teile unserer Website am beliebtesten sind. Sie helfen uns, die Funktionsweise unserer Website zu verbessern, indem wir beispielsweise sicherstellen, dass Nutzer das finden, wonach sie suchen.<\/li>\r\n \t<li>Targeting-Cookies: Diese Cookies erfassen Ihre Besuche auf unserer Website, die von Ihnen besuchten Seiten und die von Ihnen verfolgten Links. Wir werden diese Informationen verwenden, um unsere Website und die darauf angezeigte Werbung f\u00fcr Ihre Interessen relevanter zu gestalten. Wir k\u00f6nnen diese Informationen (in anonymisierter Form) auch zu diesem Zweck an Dritte weitergeben.<\/li>\r\n \t<li>Viele unserer Cookies verfallen am Ende Ihrer Sitzung oder innerhalb von zwei Tagen, obwohl einige bis zu zehn Jahre bestehen bleiben k\u00f6nnen.<\/li>\r\n \t<li>Weitere Informationen zu den einzelnen Cookies, die wir verwenden, und den Zwecken, f\u00fcr die sie verwendet werden, finden Sie in der folgenden Tabelle:<\/li>\r\n<\/ol>\r\n<table width=\"951\">\r\n<thead>\r\n<tr>\r\n<td width=\"410\"><strong>\u00a0<\/strong>\r\n\r\n<strong>Cookie<\/strong><\/td>\r\n<td width=\"445\"><strong>PURPOSE<\/strong><\/td>\r\n<td width=\"97\"><strong>DURATION<\/strong><\/td>\r\n<\/tr>\r\n<tr>\r\n<td width=\"410\">_ICL_current_language<\/td>\r\n<td width=\"445\">This cookie name is associated with a Wordpress multilingual plug-in from WPML. It stores a language value for the website. Where the cookie is set in response to a user action or request, and as long as it has a short lifespan, it can be treated as strictly necessary.<\/td>\r\n<td width=\"97\"><strong>24 hours<\/strong><\/td>\r\n<\/tr>\r\n<\/thead>\r\n<tbody>\r\n<tr>\r\n<td width=\"410\">_ga, 1P_JAR, GMAIL RTT, OTZ, S, SIDCC<\/td>\r\n<td width=\"445\">Our Website contains cookies from Google, including Google Analytics, which is a web analytics service provided by Google, Inc. The \u201c_ga\u201d cookie is used by Google Analytics to distinguished Website users. The \u201c1_P JAR\u201d cookie is used to gather website statistics and track conversion rates. \u201cGMAIL_RTT\u201d is a cookie that relates to Google services (such as Google Maps or Gmail). \u201cOTZ\u201d is a cookie used by Google Analytics that provides an aggregate analysis of Website visitors. The \u201cS\u201d cookie may collect certain information used to help improve services, including the pages users visit most often and whether users get error messages from certain pages. This cookie may also be used to anonymously measure the effectiveness of PPC (pay per click) and affiliate advertising. \u201cSIDCC\u201d is a security cookie to protect a user\u2019s data from unauthorized access.\r\n\r\n<a href=\"http:\/\/www.google.com\/intl\/en\/analytics\/privacyoverview.html\">http:\/\/www.google.com\/intl\/en\/analytics\/privacyoverview.html<\/a><\/td>\r\n<td width=\"97\">Session to two years.<\/td>\r\n<\/tr>\r\n<tr>\r\n<td width=\"410\">APISID, HSID, NID, SAPISID, SID, SSID<\/td>\r\n<td width=\"445\">Google set a number of cookies on any page that includes a Google Map. While we have no control over the cookies set by Google, they appear to include a mixture of pieces of information to measure the number and behavior of Google Maps users.<\/td>\r\n<td width=\"97\">Most of the cookies expire 10 years after your last visit to a page containing a Google Map.<\/td>\r\n<\/tr>\r\n<tr>\r\n<td width=\"410\">wordpress_logged_in_8a3504527b925fcc1dc30ec8c4af90ee<\/td>\r\n<td width=\"445\">This cookie issued by WordPress tracks if a user is currently logged into admin.<\/td>\r\n<td width=\"97\">Session.<\/td>\r\n<\/tr>\r\n<tr>\r\n<td width=\"410\">wordpress_test_cookie<\/td>\r\n<td width=\"445\">WordPress sets this cookie when you navigate to the login page. The cookie is used to check whether your web browser is set to allow, or reject cookies.<\/td>\r\n<td width=\"97\">Session.<\/td>\r\n<\/tr>\r\n<tr>\r\n<td width=\"410\">wp-settings-2, wp-settings-time-2<\/td>\r\n<td width=\"445\">WordPress uses these cookies to customize the Website\u2019s view of admin interface and possibly also the main Website interface.<\/td>\r\n<td width=\"97\">One year.<\/td>\r\n<\/tr>\r\n<\/tbody>\r\n<\/table>\r\n&nbsp;\r\n\r\n&nbsp;\r\n<ol start=\"4\">\r\n \t<li>Cookies von Drittanbietern<\/li>\r\n \t<li>Dritte (z. B. Werbenetzwerke und Anbieter von externen Diensten wie Web-Analysedienste) k\u00f6nnen ebenfalls Cookies verwenden. Bei Cookies von Drittanbietern, die Sie auf unserer Website finden, handelt es sich wahrscheinlich um Analyse-, Leistungs- oder Ziel-Cookies. Diese Cookies werden von der jeweiligen dritten Partei platziert und wir haben keine Kontrolle \u00fcber diese Cookies (au\u00dfer dass sie zugestellt werden k\u00f6nnen).<\/li>\r\n \t<li>Cookies blockieren<\/li>\r\n \t<li>Sie k\u00f6nnen die Verwendung von Cookies durch Aktivierung der Einstellungen in Ihrem Browser blockieren. Umfassende Informationen zur Cookie-Verwaltung und -Blockierung f\u00fcr eine Vielzahl von Browsern finden Sie auf der \"All About Cookies\" -Website unter <a href=\"http:\/\/www.allaboutcookies.org\/\">http:\/\/www.allaboutcookies.org\/<\/a> .<\/li>\r\n \t<li>Sie k\u00f6nnen auch alle auf der Website verwendeten Google Analytics-Cookies mit einem Browser-Plug-in deaktivieren, das unter <a href=\"https:\/\/tools.google.com\/dlpage\/gaoptout?hl=de\">https:\/\/tools.google.com\/dlpage\/gaoptout?hl=de<\/a> verf\u00fcgbar ist.<\/li>\r\n \t<li>Bitte beachten Sie, dass, wenn Sie Ihre Browsereinstellungen verwenden, um alle Cookies (einschlie\u00dflich essentieller Cookies) zu blockieren, dazu f\u00fchren kann, dass Teile unserer Website nicht richtig oder gar nicht funktionieren.<\/li>\r\n<\/ol>","_et_gb_content_width":"","ngg_post_thumbnail":0,"footnotes":""},"class_list":["post-273","page","type-page","status-publish","hentry"],"_links":{"self":[{"href":"https:\/\/www.irohouse.com\/de\/wp-json\/wp\/v2\/pages\/273","targetHints":{"allow":["GET"]}}],"collection":[{"href":"https:\/\/www.irohouse.com\/de\/wp-json\/wp\/v2\/pages"}],"about":[{"href":"https:\/\/www.irohouse.com\/de\/wp-json\/wp\/v2\/types\/page"}],"author":[{"embeddable":true,"href":"https:\/\/www.irohouse.com\/de\/wp-json\/wp\/v2\/users\/1"}],"replies":[{"embeddable":true,"href":"https:\/\/www.irohouse.com\/de\/wp-json\/wp\/v2\/comments?post=273"}],"version-history":[{"count":3,"href":"https:\/\/www.irohouse.com\/de\/wp-json\/wp\/v2\/pages\/273\/revisions"}],"predecessor-version":[{"id":320,"href":"https:\/\/www.irohouse.com\/de\/wp-json\/wp\/v2\/pages\/273\/revisions\/320"}],"wp:attachment":[{"href":"https:\/\/www.irohouse.com\/de\/wp-json\/wp\/v2\/media?parent=273"}],"curies":[{"name":"wp","href":"https:\/\/api.w.org\/{rel}","templated":true}]}}