{"id":275,"date":"2018-05-12T12:58:59","date_gmt":"2018-05-12T12:58:59","guid":{"rendered":"https:\/\/www.irohouse.com\/?page_id=275"},"modified":"2018-05-12T12:58:59","modified_gmt":"2018-05-12T12:58:59","slug":"impressum","status":"publish","type":"page","link":"https:\/\/www.irohouse.com\/de\/impressum\/","title":{"rendered":"Impressum"},"content":{"rendered":"<p>Magdalini Karavosiani<br \/>\nLefokastro 37006<br \/>\nMagnesia Greece<br \/>\nTax ID: EL143476994<br \/>\nPhone: +30 6932 42 61 17<br \/>\nPhone: +30 24210 59170<br \/>\nE-Mail:\u00a0<a title=\"\" href=\"mailto:info@irohouse.com\" target=\"_blank\" rel=\"noopener\">info@irohouse.com<\/a><br \/>\n<b>Business registration number:\u00a00726K112K02596-1<\/b><\/p>\n<h2 data-fontsize=\"26\" data-lineheight=\"27\">Haftungsausschluss<\/h2>\n<p>Trotz sorgf\u00e4ltiger Pr\u00fcfung k\u00f6nnen wir keine Haftung f\u00fcr die Inhalte externer Links \u00fcbernehmen. F\u00fcr den Inhalt diese Seiten sind ausschlie\u00dflich deren Betreiber verantwortlich.<\/p>\n<p>Informationen zur Online-Streitbeilegungsplattform:<\/p>\n<p>Online-Streitbeilegung gem\u00e4\u00df Art. 14 Abs. 1 ODR-VO: Die Europ\u00e4ische Kommission stellt eine Plattform zur Online-Streitbeilegung (OS) bereit, die Sie unter\u00a0<a href=\"http:\/\/ec.europa.eu\/consumers\/odr\/\">http:\/\/ec.europa.eu\/consumers\/odr\/<\/a>\u00a0finden.<\/p>\n","protected":false},"excerpt":{"rendered":"<p>Magdalini Karavosiani Lefokastro 37006 Magnesia Greece Tax ID: EL143476994 Phone: +30 6932 42 61 17 Phone: +30 24210 59170 E-Mail:\u00a0info@irohouse.com Business registration number:\u00a00726K112K02596-1 Haftungsausschluss Trotz sorgf\u00e4ltiger Pr\u00fcfung k\u00f6nnen wir keine Haftung f\u00fcr die Inhalte externer Links \u00fcbernehmen. F\u00fcr den Inhalt diese Seiten sind ausschlie\u00dflich deren Betreiber verantwortlich. Informationen zur Online-Streitbeilegungsplattform: Online-Streitbeilegung gem\u00e4\u00df Art. 14 Abs. [&hellip;]<\/p>\n","protected":false},"author":1,"featured_media":0,"parent":0,"menu_order":0,"comment_status":"closed","ping_status":"closed","template":"","meta":{"_et_pb_use_builder":"","_et_pb_old_content":"","_et_gb_content_width":"","ngg_post_thumbnail":0,"footnotes":""},"class_list":["post-275","page","type-page","status-publish","hentry"],"_links":{"self":[{"href":"https:\/\/www.irohouse.com\/de\/wp-json\/wp\/v2\/pages\/275","targetHints":{"allow":["GET"]}}],"collection":[{"href":"https:\/\/www.irohouse.com\/de\/wp-json\/wp\/v2\/pages"}],"about":[{"href":"https:\/\/www.irohouse.com\/de\/wp-json\/wp\/v2\/types\/page"}],"author":[{"embeddable":true,"href":"https:\/\/www.irohouse.com\/de\/wp-json\/wp\/v2\/users\/1"}],"replies":[{"embeddable":true,"href":"https:\/\/www.irohouse.com\/de\/wp-json\/wp\/v2\/comments?post=275"}],"version-history":[{"count":1,"href":"https:\/\/www.irohouse.com\/de\/wp-json\/wp\/v2\/pages\/275\/revisions"}],"predecessor-version":[{"id":276,"href":"https:\/\/www.irohouse.com\/de\/wp-json\/wp\/v2\/pages\/275\/revisions\/276"}],"wp:attachment":[{"href":"https:\/\/www.irohouse.com\/de\/wp-json\/wp\/v2\/media?parent=275"}],"curies":[{"name":"wp","href":"https:\/\/api.w.org\/{rel}","templated":true}]}}