{"id":277,"date":"2018-05-12T13:03:40","date_gmt":"2018-05-12T13:03:40","guid":{"rendered":"https:\/\/www.irohouse.com\/?page_id=277"},"modified":"2021-06-12T13:36:59","modified_gmt":"2021-06-12T13:36:59","slug":"zahlungsmodalitaet-stornokosten","status":"publish","type":"page","link":"https:\/\/www.irohouse.com\/de\/zahlungsmodalitaet-stornokosten\/","title":{"rendered":"Zahlungsmodalit\u00e4t &#038; Stornokosten"},"content":{"rendered":"<p>Bei einer festen Reservierung muss der Gast folgendes beachten:<\/p>\n<p>Bei Buchungen bis zu 30 Tage vor Ankunft muss der Gast 100% des Reisepreises bezahlen.<br \/>\nBei Buchungen, die mehr als 30 Tage vor Ankunft liegen, zahlt der Gast 30% des Reisepreises.<br \/>\nDer Rest des Reisepreises muss 3 Wochen vor Anreise bezahlt werden.<\/p>\n<p>Stornierung durch den Kunden \/ Stornierungskosten:<br \/>\nSie k\u00f6nnen jederzeit vor Reiseantritt zur\u00fccktreten. Entscheidend f\u00fcr die Stornierungskosten ist der Eingang der Stornierung bei uns (per E-Mail). Wenn Sie keine Antwort innerhalb von 24 Stunden erhalten, senden Sie bitte erneut Ihre Stornierung, da es die M\u00f6glichkeit besteht, Ihre E-Mail im Sparordner gelandet zu sein.<br \/>\nStornierungskosten:<br \/>\nbis 60 Tage vor Reiseantritt 10% des gebuchten Preises<br \/>\n59 bis 30 Tage vor Reiseantritt 30% des gebuchten Preises<br \/>\n29 bis 7 Tage vor Reiseantritt 80% des gebuchten Preises<br \/>\nbei Nichterscheinen 100% des gebuchten Preises.<\/p>\n<p>Die Zahlungen finden wie folgt statt:<br \/>\n1. Ca. 30% vom Reisepreis, wenn mehr als 30 Tag vor Ankunft liegen.<br \/>\n2. Die Zahlung des Restbetrages findet 29 Tage vor Ankunft.<br \/>\n3. Wenn zwischen Buchungsdatum und Ankunftstag weniger als 30 Tage liegen wird der ganze Betrag bezahlt.<\/p>\n<p>Bei einer Stornierung wird der Betrag gem\u00e4\u00df der Stornokosten einbehalten und der Restbetrag wird r\u00fcckerstattet.<\/p>\n<p>Bitte beachten Sie, dass f\u00fcr jede \u00dcbernachtung, gem\u00e4\u00df dem neuen Gesetz in Griechenland, 4389\/2016, FEK (Government Gazette) \u0391 94-2016, Artikel 53, eine Steuer auf den Aufenthalt f\u00fcr den \u00f6ffentlichen Teil f\u00fcr touristische Unternehmen ab 1\/ 1\/2018. erhoben wird In Iro House m\u00fcssen Sie 0,50 Euro extra pro Nacht pro Apartment bezahlen (nicht pro Person). Sie zahlen die zus\u00e4tzliche Geb\u00fchr bei der Ankunft.<\/p>\n","protected":false},"excerpt":{"rendered":"<p>Bei einer festen Reservierung muss der Gast folgendes beachten: Bei Buchungen bis zu 30 Tage vor Ankunft muss der Gast 100% des Reisepreises bezahlen. Bei Buchungen, die mehr als 30 Tage vor Ankunft liegen, zahlt der Gast 30% des Reisepreises. Der Rest des Reisepreises muss 3 Wochen vor Anreise bezahlt werden. Stornierung durch den Kunden [&hellip;]<\/p>\n","protected":false},"author":1,"featured_media":0,"parent":0,"menu_order":0,"comment_status":"closed","ping_status":"closed","template":"","meta":{"_et_pb_use_builder":"off","_et_pb_old_content":"","_et_gb_content_width":"","ngg_post_thumbnail":0,"footnotes":""},"class_list":["post-277","page","type-page","status-publish","hentry"],"_links":{"self":[{"href":"https:\/\/www.irohouse.com\/de\/wp-json\/wp\/v2\/pages\/277","targetHints":{"allow":["GET"]}}],"collection":[{"href":"https:\/\/www.irohouse.com\/de\/wp-json\/wp\/v2\/pages"}],"about":[{"href":"https:\/\/www.irohouse.com\/de\/wp-json\/wp\/v2\/types\/page"}],"author":[{"embeddable":true,"href":"https:\/\/www.irohouse.com\/de\/wp-json\/wp\/v2\/users\/1"}],"replies":[{"embeddable":true,"href":"https:\/\/www.irohouse.com\/de\/wp-json\/wp\/v2\/comments?post=277"}],"version-history":[{"count":9,"href":"https:\/\/www.irohouse.com\/de\/wp-json\/wp\/v2\/pages\/277\/revisions"}],"predecessor-version":[{"id":491,"href":"https:\/\/www.irohouse.com\/de\/wp-json\/wp\/v2\/pages\/277\/revisions\/491"}],"wp:attachment":[{"href":"https:\/\/www.irohouse.com\/de\/wp-json\/wp\/v2\/media?parent=277"}],"curies":[{"name":"wp","href":"https:\/\/api.w.org\/{rel}","templated":true}]}}