{"id":52,"date":"2016-04-26T14:04:38","date_gmt":"2016-04-26T14:04:38","guid":{"rendered":"http:\/\/localhost\/iro\/?page_id=52&#038;lang=de"},"modified":"2017-02-28T21:31:38","modified_gmt":"2017-02-28T21:31:38","slug":"lage-lefokastro","status":"publish","type":"page","link":"https:\/\/www.irohouse.com\/de\/lage-lefokastro\/","title":{"rendered":"Lage"},"content":{"rendered":"<p>[et_pb_section admin_label=&#8220;Section&#8220; fullwidth=&#8220;on&#8220; specialty=&#8220;off&#8220;][et_pb_fullwidth_image admin_label=&#8220;Fullwidth Image&#8220; src=&#8220;https:\/\/www.irohouse.com\/wp-content\/uploads\/2016\/04\/logo_iro_940_300_05.jpg&#8220; show_in_lightbox=&#8220;off&#8220; url_new_window=&#8220;off&#8220; use_overlay=&#8220;off&#8220; animation=&#8220;left&#8220; use_border_color=&#8220;off&#8220; border_color=&#8220;#ffffff&#8220; border_style=&#8220;solid&#8220;]<\/p>\n<p>[\/et_pb_fullwidth_image][\/et_pb_section][et_pb_section admin_label=&#8220;Section&#8220; fullwidth=&#8220;off&#8220; specialty=&#8220;off&#8220;][et_pb_row admin_label=&#8220;Row&#8220;][et_pb_column type=&#8220;4_4&#8243;][et_pb_text admin_label=&#8220;Text&#8220; background_layout=&#8220;light&#8220; text_orientation=&#8220;justified&#8220; use_border_color=&#8220;off&#8220; border_color=&#8220;#ffffff&#8220; border_style=&#8220;solid&#8220;]<\/p>\n<p>Lefokastro befindet sich ca. 30 km s\u00fcdlich von Volos zwischen Afisos und Kalamos und ist vom Massentrourismus nicht ber\u00fchrt. In Lefokastro gibt es nur wenige kleine Unterk\u00fcnfte f\u00fcr Urlauber, die Ruhe und das urspr\u00fcngliche suchen.<br \/>\nDas Iro Haus befindet sich Mitte in der Siedlung und direkt am Meer und nur 50-70 m vom n\u00e4chsten Badesandstrand.<br \/>\nIn Lefokastro gibt es drei Taverne, die alle empfehlenswert sind. Einkaufsm\u00f6glichkeiten finden Sie in Afisos oder Argalasti.<\/p>\n<p>&nbsp;<\/p>\n<h2>Entfernungen von Lefokastro<\/h2>\n<table class=\"cells\" width=\"100%\">\n<tbody>\n<tr>\n<td class=\"cell\" align=\"left\" valign=\"top\" width=\"50%\">Argalasti<br \/>\nAfissos<br \/>\nMilina<br \/>\nChorto<br \/>\nKalamos<br \/>\nKala Nera<br \/>\nVolos<\/td>\n<td class=\"cell\" align=\"left\" valign=\"top\" width=\"50%\">7,3 km<br \/>\n3,2 km<br \/>\n17,6 km<br \/>\n14,6 km<br \/>\n14,4 km<br \/>\n9,9 km<br \/>\n30,7 km<\/td>\n<\/tr>\n<tr>\n<td class=\"cell\" align=\"left\" valign=\"top\" width=\"50%\"><\/td>\n<td class=\"cell\" align=\"left\" valign=\"top\" width=\"50%\"><\/td>\n<\/tr>\n<\/tbody>\n<\/table>\n<p>[\/et_pb_text][et_pb_text admin_label=&#8220;Text&#8220; background_layout=&#8220;light&#8220; text_orientation=&#8220;left&#8220; use_border_color=&#8220;off&#8220; border_color=&#8220;#ffffff&#8220; border_style=&#8220;solid&#8220;]<\/p>\n<p><iframe loading=\"lazy\" src=\"https:\/\/www.google.com\/maps\/d\/embed?mid=z10MtlSj3eiE.k6ClDDXW091U&amp;hl=de\" width=\"840\" height=\"480\"><\/iframe><\/p>\n<p>[\/et_pb_text][et_pb_text admin_label=&#8220;Text&#8220; background_layout=&#8220;light&#8220; text_orientation=&#8220;left&#8220; use_border_color=&#8220;off&#8220; border_color=&#8220;#ffffff&#8220; border_style=&#8220;solid&#8220;]<\/p>\n<blockquote><p>Wenn Sie gebucht haben, senden wir Ihnen eine ausf\u00fchrliche Wegbeschreibung, wie Sie das Iro Haus finden.<\/p><\/blockquote>\n<p>[\/et_pb_text][et_pb_text admin_label=&#8220;Text&#8220; background_layout=&#8220;light&#8220; text_orientation=&#8220;left&#8220; use_border_color=&#8220;off&#8220; border_color=&#8220;#ffffff&#8220; border_style=&#8220;solid&#8220;]<\/p>\n<blockquote><p><a href=\"http:\/\/www.europeancars.eu\" target=\"_blank\">Hier finden Sie einen Mietwagen&#8230;.<\/a><\/p><\/blockquote>\n<p>[\/et_pb_text][et_pb_text admin_label=&#8220;Text&#8220; background_layout=&#8220;light&#8220; text_orientation=&#8220;left&#8220; use_border_color=&#8220;off&#8220; border_color=&#8220;#ffffff&#8220; border_style=&#8220;solid&#8220;]<\/p>\n<div style=\"font: 11px Tahoma; padding: 5px 0px 0px 15px; text-align: center; width: 490px;\"><a style=\"color: #3a5f90; text-decoration: none;\" href=\"http:\/\/freemeteo.com\">Weather by Freemeteo.com<\/a><\/div>\n<p><script type=\"text\/javascript\" src=\"http:\/\/www.freemeteo.com\/weather.fm?key=863DF4C7A128D9A37D65CC17E0A925AA313203\"><\/script><\/p>\n<p>[\/et_pb_text][\/et_pb_column][\/et_pb_row][\/et_pb_section]<\/p>\n","protected":false},"excerpt":{"rendered":"<p>Lefokastro befindet sich ca. 30 km s\u00fcdlich von Volos zwischen Afisos und Kalamos und ist vom Massentrourismus nicht ber\u00fchrt. In Lefokastro gibt es nur wenige kleine Unterk\u00fcnfte f\u00fcr Urlauber, die Ruhe und das urspr\u00fcngliche suchen. Das Iro Haus befindet sich Mitte in der Siedlung und direkt am Meer und nur 50-70 m vom n\u00e4chsten Badesandstrand. [&hellip;]<\/p>\n","protected":false},"author":1,"featured_media":0,"parent":0,"menu_order":0,"comment_status":"closed","ping_status":"closed","template":"","meta":{"_et_pb_use_builder":"on","_et_pb_old_content":"","_et_gb_content_width":"","ngg_post_thumbnail":0,"footnotes":""},"class_list":["post-52","page","type-page","status-publish","hentry"],"_links":{"self":[{"href":"https:\/\/www.irohouse.com\/de\/wp-json\/wp\/v2\/pages\/52","targetHints":{"allow":["GET"]}}],"collection":[{"href":"https:\/\/www.irohouse.com\/de\/wp-json\/wp\/v2\/pages"}],"about":[{"href":"https:\/\/www.irohouse.com\/de\/wp-json\/wp\/v2\/types\/page"}],"author":[{"embeddable":true,"href":"https:\/\/www.irohouse.com\/de\/wp-json\/wp\/v2\/users\/1"}],"replies":[{"embeddable":true,"href":"https:\/\/www.irohouse.com\/de\/wp-json\/wp\/v2\/comments?post=52"}],"version-history":[{"count":2,"href":"https:\/\/www.irohouse.com\/de\/wp-json\/wp\/v2\/pages\/52\/revisions"}],"predecessor-version":[{"id":223,"href":"https:\/\/www.irohouse.com\/de\/wp-json\/wp\/v2\/pages\/52\/revisions\/223"}],"wp:attachment":[{"href":"https:\/\/www.irohouse.com\/de\/wp-json\/wp\/v2\/media?parent=52"}],"curies":[{"name":"wp","href":"https:\/\/api.w.org\/{rel}","templated":true}]}}