{"id":77,"date":"2016-04-26T14:21:10","date_gmt":"2016-04-26T14:21:10","guid":{"rendered":"http:\/\/localhost\/iro\/?page_id=77&#038;lang=de"},"modified":"2016-04-26T16:34:59","modified_gmt":"2016-04-26T16:34:59","slug":"apartments-lefokastro-pilion","status":"publish","type":"page","link":"https:\/\/www.irohouse.com\/de\/apartments-lefokastro-pilion\/","title":{"rendered":"Ihre Unterkunft"},"content":{"rendered":"<p>[et_pb_section admin_label=&#8220;Section&#8220; fullwidth=&#8220;on&#8220; specialty=&#8220;off&#8220;][et_pb_fullwidth_image admin_label=&#8220;Fullwidth Image&#8220; src=&#8220;https:\/\/www.irohouse.com\/wp-content\/uploads\/2016\/04\/logo_iro_940_300_02.jpg&#8220; show_in_lightbox=&#8220;off&#8220; url_new_window=&#8220;off&#8220; use_overlay=&#8220;off&#8220; animation=&#8220;left&#8220; use_border_color=&#8220;off&#8220; border_color=&#8220;#ffffff&#8220; border_style=&#8220;solid&#8220;] [\/et_pb_fullwidth_image][\/et_pb_section][et_pb_section admin_label=&#8220;Section&#8220; fullwidth=&#8220;off&#8220; specialty=&#8220;off&#8220;][et_pb_row admin_label=&#8220;Row&#8220;][et_pb_column type=&#8220;1_3&#8243;][et_pb_text admin_label=&#8220;Text&#8220; background_layout=&#8220;light&#8220; text_orientation=&#8220;left&#8220; use_border_color=&#8220;off&#8220; border_color=&#8220;#ffffff&#8220; border_style=&#8220;solid&#8220;]<\/p>\n<h2>Hausleistungen<\/h2>\n<ul>\n<li>6 Appartements alle mit Meerblick<\/li>\n<li>direkter unbeschr\u00e4nkter Meerblick<\/li>\n<li>Alle Appartements mit Balkonen<\/li>\n<li>Liegest\u00fchle vorhanden<\/li>\n<li>Wi-Fi Internet<\/li>\n<li>Reinigung alle 3 Tage<\/li>\n<li>Bettw\u00e4schewechsel alle 3 Tage<\/li>\n<li>Handt\u00fccherwechsel alle 3 Tage<\/li>\n<\/ul>\n<p>[\/et_pb_text][\/et_pb_column][et_pb_column type=&#8220;1_3&#8243;][et_pb_text admin_label=&#8220;Text&#8220; background_layout=&#8220;light&#8220; text_orientation=&#8220;left&#8220; use_border_color=&#8220;off&#8220; border_color=&#8220;#ffffff&#8220; border_style=&#8220;solid&#8220;]<\/p>\n<h2>Appartement-Ausstattung<\/h2>\n<ul>\n<li>Klimaanlage<\/li>\n<li>Balkone mit Meerblickund Gartenm\u00f6beln<\/li>\n<li>TV FLAT-SAT<\/li>\n<li>Du\/WC<\/li>\n<li>Gut ausgestattete K\u00fcche mit Esstisch<\/li>\n<li>u.a. Kaffeemaschine, Wasserkocher, Abzugshaube<\/li>\n<li>Schlafzimmer mit Doppelbett<\/li>\n<li>Wohnbereich mit 2 Betten<\/li>\n<li>Wi-Fi Internet<\/li>\n<\/ul>\n<p>[\/et_pb_text][\/et_pb_column][et_pb_column type=&#8220;1_3&#8243;][et_pb_text admin_label=&#8220;Text&#8220; background_layout=&#8220;light&#8220; text_orientation=&#8220;left&#8220; use_border_color=&#8220;off&#8220; border_color=&#8220;#ffffff&#8220; border_style=&#8220;solid&#8220;]<\/p>\n<h2>Weitere Leistungen &amp; Infos<\/h2>\n<ul>\n<li>Parking in 150 m vom Haus entfernt<\/li>\n<li>Kies\/Sandstrand 50 m<\/li>\n<li>Weitere Str\u00e4nde 150m \/ 250m \/ 1800m<\/li>\n<li>Wassersport 3 km bei Afissos in Kalifteri Strand<\/li>\n<li>Fr\u00fchst\u00fccken in 40 m bei Restaurant &#8222;KALMA&#8220;<\/li>\n<li>Einkaufsm\u00f6glichkeiten bei Afyssos, Argalasti und Kala Nera<\/li>\n<li>Geldautomat in Argalasti<\/li>\n<li>Bootsausflug in Kala Nera<\/li>\n<\/ul>\n<p>[\/et_pb_text][\/et_pb_column][\/et_pb_row][\/et_pb_section][et_pb_section admin_label=&#8220;Section&#8220; fullwidth=&#8220;off&#8220; specialty=&#8220;off&#8220;][et_pb_row admin_label=&#8220;Row&#8220;][et_pb_column type=&#8220;4_4&#8243;][et_pb_text admin_label=&#8220;Text&#8220; background_layout=&#8220;light&#8220; text_orientation=&#8220;left&#8220; use_border_color=&#8220;off&#8220; border_color=&#8220;#ffffff&#8220; border_style=&#8220;solid&#8220;]<\/p>\n<p><b>Typ A &#8211; 1 Wohnung f\u00fcr2 Personen (Nr. 5 Obergescho\u00df): <\/b>Diese Wohnnug befindet sich im Obergescho\u00df und besteht aus einem Wohnschlafraum mit einem Doppelbett, K\u00fcchenecke, Esstisch, die durch Theke abgetrennt wird, Klimaanlage, Flat TV, Du\/WC, und Balkon mit Gartenb\u00f6beln und Meerblick.<\/p>\n<p>[\/et_pb_text][et_pb_gallery admin_label=&#8220;Gallery&#8220; gallery_ids=&#8220;62,63,64,66&#8243; fullwidth=&#8220;off&#8220; posts_number=&#8220;5&#8243; show_title_and_caption=&#8220;off&#8220; show_pagination=&#8220;off&#8220; background_layout=&#8220;light&#8220; auto=&#8220;off&#8220; hover_overlay_color=&#8220;rgba(255,255,255,0.9)&#8220; caption_all_caps=&#8220;off&#8220; use_border_color=&#8220;off&#8220; border_color=&#8220;#ffffff&#8220; border_style=&#8220;solid&#8220;] [\/et_pb_gallery][et_pb_divider admin_label=&#8220;Divider&#8220; color=&#8220;#fc7500&#8243; show_divider=&#8220;on&#8220; height=&#8220;2&#8243; divider_style=&#8220;outset&#8220; divider_position=&#8220;top&#8220; hide_on_mobile=&#8220;on&#8220;] [\/et_pb_divider][et_pb_text admin_label=&#8220;Text&#8220; background_layout=&#8220;light&#8220; text_orientation=&#8220;left&#8220; use_border_color=&#8220;off&#8220; border_color=&#8220;#ffffff&#8220; border_style=&#8220;solid&#8220;]<\/p>\n<p><b>Typ B &#8211; 5 Wohnungen &#8211; je f\u00fcr 4-5 Personen 55 qm (Nr. 1, 2, und 3 Erdgescho\u00df, Nr. 4 und 6 Obergescho\u00df):<\/b><br \/>\nJede Wohnung ist geschmackvoll und modern eingerichtet und verf\u00fcgt \u00fcber ein Schlafzimmer mit einem Doppelbett oder zwei Einzelbetten und ein Wohnschlafraum mit zwei weiteren Betten und eine K\u00fcckenecke, die durch eine Theke abgetrennt wird. Die Wohnungen verf\u00fcgen weiterhin eine Du\/WC, Klimaanlage, Flat TV und Balkon mit Gartenm\u00f6beln und Meerblick.<\/p>\n<p>[\/et_pb_text][et_pb_gallery admin_label=&#8220;Gallery&#8220; gallery_ids=&#8220;70,71,72,73&#8243; fullwidth=&#8220;off&#8220; posts_number=&#8220;5&#8243; show_title_and_caption=&#8220;off&#8220; show_pagination=&#8220;off&#8220; background_layout=&#8220;light&#8220; auto=&#8220;off&#8220; hover_overlay_color=&#8220;rgba(255,255,255,0.9)&#8220; caption_all_caps=&#8220;off&#8220; use_border_color=&#8220;off&#8220; border_color=&#8220;#ffffff&#8220; border_style=&#8220;solid&#8220;] [\/et_pb_gallery][et_pb_divider admin_label=&#8220;Divider&#8220; color=&#8220;#fc7500&#8243; show_divider=&#8220;on&#8220; height=&#8220;2&#8243; divider_style=&#8220;outset&#8220; divider_position=&#8220;top&#8220; hide_on_mobile=&#8220;on&#8220;] [\/et_pb_divider][et_pb_text admin_label=&#8220;Text&#8220; background_layout=&#8220;light&#8220; text_orientation=&#8220;left&#8220; use_border_color=&#8220;off&#8220; border_color=&#8220;#ffffff&#8220; border_style=&#8220;solid&#8220;]<\/p>\n<p><b>Kombination f\u00fcr gro\u00dfe Familien 6-7 Personen: <\/b>Man kann das Appartement Nr. 5 und 4 zusammen mieten und daraus entsteht eine gro\u00dfe Wohnung mit zwei Balkone, 2 K\u00fcchen, 2X Du\/WC, 2 Schlafzimmer, eine Wohnzimmer oder eine weiterer Schlafzimmer bzw. alles was das App. Typ A und Typ B verf\u00fcgen.<\/p>\n<p>[\/et_pb_text][et_pb_divider admin_label=&#8220;Divider&#8220; color=&#8220;#fc7500&#8243; show_divider=&#8220;on&#8220; height=&#8220;2&#8243; divider_style=&#8220;outset&#8220; divider_position=&#8220;top&#8220; hide_on_mobile=&#8220;on&#8220;] [\/et_pb_divider][et_pb_text admin_label=&#8220;Text&#8220; background_layout=&#8220;light&#8220; text_orientation=&#8220;left&#8220; use_border_color=&#8220;off&#8220; border_color=&#8220;#ffffff&#8220; border_style=&#8220;solid&#8220;]<\/p>\n<p><b>Parken:<\/b> Parking in der N\u00e4he des Hauses (150 m entfernt).<br \/>\n<b>Strand: <\/b>Der n\u00e4chste Sandstrand liegt 50 m entfernt. In ca. 300 m liegt ein sehr sch\u00f6ner einsamer Sandtrand. In ca. 600 m liegt der Strand Agia Efthimia und in 1,8 km liegen weitere Str\u00e4nde in Afissos.<\/p>\n<p>[\/et_pb_text][et_pb_text admin_label=&#8220;Text&#8220; background_layout=&#8220;light&#8220; text_orientation=&#8220;left&#8220; use_border_color=&#8220;off&#8220; border_color=&#8220;#ffffff&#8220; border_style=&#8220;solid&#8220;]<\/p>\n<p><strong>Reinigung:<\/strong> Die Wohnungen werden den G\u00e4sten sauber \u00fcbergeben und w\u00e4hrend des Aufenthaltes findet die Reinigung und Bettw\u00e4sche- und Handtuchwechsel alle 3 Tage statt.<\/p>\n<p>[\/et_pb_text][\/et_pb_column][\/et_pb_row][\/et_pb_section]<\/p>\n","protected":false},"excerpt":{"rendered":"<p>Hausleistungen 6 Appartements alle mit Meerblick direkter unbeschr\u00e4nkter Meerblick Alle Appartements mit Balkonen Liegest\u00fchle vorhanden Wi-Fi Internet Reinigung alle 3 Tage Bettw\u00e4schewechsel alle 3 Tage Handt\u00fccherwechsel alle 3 Tage Appartement-Ausstattung Klimaanlage Balkone mit Meerblickund Gartenm\u00f6beln TV FLAT-SAT Du\/WC Gut ausgestattete K\u00fcche mit Esstisch u.a. Kaffeemaschine, Wasserkocher, Abzugshaube Schlafzimmer mit Doppelbett Wohnbereich mit 2 Betten Wi-Fi [&hellip;]<\/p>\n","protected":false},"author":1,"featured_media":0,"parent":0,"menu_order":0,"comment_status":"closed","ping_status":"closed","template":"","meta":{"_et_pb_use_builder":"on","_et_pb_old_content":"","_et_gb_content_width":"","ngg_post_thumbnail":0,"footnotes":""},"class_list":["post-77","page","type-page","status-publish","hentry"],"_links":{"self":[{"href":"https:\/\/www.irohouse.com\/de\/wp-json\/wp\/v2\/pages\/77","targetHints":{"allow":["GET"]}}],"collection":[{"href":"https:\/\/www.irohouse.com\/de\/wp-json\/wp\/v2\/pages"}],"about":[{"href":"https:\/\/www.irohouse.com\/de\/wp-json\/wp\/v2\/types\/page"}],"author":[{"embeddable":true,"href":"https:\/\/www.irohouse.com\/de\/wp-json\/wp\/v2\/users\/1"}],"replies":[{"embeddable":true,"href":"https:\/\/www.irohouse.com\/de\/wp-json\/wp\/v2\/comments?post=77"}],"version-history":[{"count":0,"href":"https:\/\/www.irohouse.com\/de\/wp-json\/wp\/v2\/pages\/77\/revisions"}],"wp:attachment":[{"href":"https:\/\/www.irohouse.com\/de\/wp-json\/wp\/v2\/media?parent=77"}],"curies":[{"name":"wp","href":"https:\/\/api.w.org\/{rel}","templated":true}]}}