{"id":297,"date":"2018-05-12T12:52:58","date_gmt":"2018-05-12T12:52:58","guid":{"rendered":"https:\/\/www.irohouse.com\/cookie-policy\/"},"modified":"2018-05-12T14:31:39","modified_gmt":"2018-05-12T14:31:39","slug":"cookie-policy","status":"publish","type":"page","link":"https:\/\/www.irohouse.com\/en\/cookie-policy\/","title":{"rendered":"Cookie policy"},"content":{"rendered":"<p>[et_pb_section bb_built=&#8221;1&#8243;][et_pb_row][et_pb_column type=&#8221;4_4&#8243;][et_pb_text _builder_version=&#8221;3.0.95&#8243; background_layout=&#8221;light&#8221; \/][et_pb_text _builder_version=&#8221;3.0.95&#8243; background_layout=&#8221;light&#8221;]<\/p>\n<ol>\n<li>\n<ol>\n<li>This Cookie Policy (\u201c<strong>Policy<\/strong>\u201d) is intended to inform you about how The hotel use a technology called \u201ccookies\u201d. This Policy is intended to assist you in making informed decisions when using our website (\u201c<strong>Website<\/strong>\u201d). Please take a minute to read and understand this Policy.<\/li>\n<li>This Policy should also be read in conjunction with our <a href=\"https:\/\/www.irohouse.com\/en\/datenschutzerklaerung\/\" target=\"_blank\" rel=\"noopener\">privacy policy<\/a>.<\/li>\n<li>By continuing to use our Website, you are deemed to consent to our use of the cookies described in this Policy. If you do not consent to us using cookies, then please read section 5 of this Policy (<em>Blocking Cookies<\/em>).<\/li>\n<li><strong> What are cookies and what do they do?<\/strong><\/li>\n<li>A cookie is a very small text document, which often includes an anonymous unique identifier. When you visit a website, a computer asks your computer for permission to store this file in a part of your hard drive specifically designated for cookies.<\/li>\n<li>Cookies do lots of different jobs. Some are essential to the functioning of a website; others are not. Information gathered through cookies may include the date and time of the visits made to a website, the pages viewed and the time spent at a website.<\/li>\n<li>More general information about cookies and similar technologies can be found on the \u201cAll About Cookies\u201d website here:<a href=\"http:\/\/www.allaboutcookies.org\/\">http:\/\/www.allaboutcookies.org\/<\/a>.<\/li>\n<li><strong> Cookies we use on our website<\/strong><\/li>\n<li><strong>Essential cookies:<\/strong>These are cookies that are required for the operation of our Website. They include, for example, cookies that enable you to navigate around our Website and log into secure areas.<\/li>\n<li><strong>Functionality cookies:<\/strong>These cookies are used to recognize you when you return to our Website, enabling us to personalize our content for you, greet you by name and remember your preferences.<\/li>\n<li><strong>Analytical cookies:<\/strong>These cookies enable us to recognize and count the number of visitors to our Website, to see how they navigate around it and to understand which parts of our Website are most popular. They help us to improve the way our Website works, for example, by ensuring that users are able to find what they are looking for.<\/li>\n<li><strong>Targeting cookies:<\/strong>These cookies record your visits to our Website, the pages you have visited and the links you have followed. We will use this information to make our Website and any advertising displayed on it more relevant to your interests. We may also share this information (in anonymized form) with third parties for this purpose.<\/li>\n<li>Many of our cookies expire at the end of your session or within two days, although some may persist for up to 10 years.<\/li>\n<li>You can find more information about the individual cookies we use and the purposes for which they are used in the table below:<\/li>\n<\/ol>\n<table width=\"951\">\n<thead>\n<tr>\n<td width=\"410\"><strong>\u00a0<\/strong><\/p>\n<p><strong>Cookie<\/strong><\/td>\n<td width=\"445\"><strong>PURPOSE<\/strong><\/td>\n<td width=\"97\"><strong>DURATION<\/strong><\/td>\n<\/tr>\n<tr>\n<td width=\"410\">_ICL_current_language<\/td>\n<td width=\"445\">This cookie name is associated with a WordPress multilingual plug-in from WPML. It stores a language value for the website. Where the cookie is set in response to a user action or request, and as long as it has a short lifespan, it can be treated as strictly necessary.<\/td>\n<td width=\"97\"><strong>24 hours<\/strong><\/td>\n<\/tr>\n<\/thead>\n<tbody>\n<tr>\n<td width=\"410\">_ga, 1P_JAR, GMAIL RTT, OTZ, S, SIDCC<\/td>\n<td width=\"445\">Our Website contains cookies from Google, including Google Analytics, which is a web analytics service provided by Google, Inc. The \u201c_ga\u201d cookie is used by Google Analytics to distinguished Website users. The \u201c1_P JAR\u201d cookie is used to gather website statistics and track conversion rates. \u201cGMAIL_RTT\u201d is a cookie that relates to Google services (such as Google Maps or Gmail). \u201cOTZ\u201d is a cookie used by Google Analytics that provides an aggregate analysis of Website visitors. The \u201cS\u201d cookie may collect certain information used to help improve services, including the pages users visit most often and whether users get error messages from certain pages. This cookie may also be used to anonymously measure the effectiveness of PPC (pay per click) and affiliate advertising. \u201cSIDCC\u201d is a security cookie to protect a user\u2019s data from unauthorized access.<\/p>\n<p><a href=\"http:\/\/www.google.com\/intl\/en\/analytics\/privacyoverview.html\">http:\/\/www.google.com\/intl\/en\/analytics\/privacyoverview.html<\/a><\/td>\n<td width=\"97\">Session to two years.<\/td>\n<\/tr>\n<tr>\n<td width=\"410\">APISID, HSID, NID, SAPISID, SID, SSID<\/td>\n<td width=\"445\">Google set a number of cookies on any page that includes a Google Map. While we have no control over the cookies set by Google, they appear to include a mixture of pieces of information to measure the number and behavior of Google Maps users.<\/td>\n<td width=\"97\">Most of the cookies expire 10 years after your last visit to a page containing a Google Map.<\/td>\n<\/tr>\n<tr>\n<td width=\"410\">wordpress_logged_in_8a3504527b925fcc1dc30ec8c4af90ee<\/td>\n<td width=\"445\">This cookie issued by WordPress tracks if a user is currently logged into admin.<\/td>\n<td width=\"97\">Session.<\/td>\n<\/tr>\n<tr>\n<td width=\"410\">wordpress_test_cookie<\/td>\n<td width=\"445\">WordPress sets this cookie when you navigate to the login page. The cookie is used to check whether your web browser is set to allow, or reject cookies.<\/td>\n<td width=\"97\">Session.<\/td>\n<\/tr>\n<tr>\n<td width=\"410\">wp-settings-2, wp-settings-time-2<\/td>\n<td width=\"445\">WordPress uses these cookies to customize the Website\u2019s view of admin interface and possibly also the main Website interface.<\/td>\n<td width=\"97\">One year.<\/td>\n<\/tr>\n<\/tbody>\n<\/table>\n<p>&nbsp;<\/p>\n<p>&nbsp;<\/p>\n<p>&nbsp;<\/p>\n<ol start=\"4\">\n<li><strong> Third-party cookies<\/strong><\/li>\n<li>Third parties (including, for example, advertising networks and providers of external services like web traffic analysis services) may also use cookies. Third-party cookies you encounter on our Website are likely to be analytical, performance or targeting cookies. These cookies are placed by the relevant third party and we have no control over these cookies (other than allowing them to be served).<\/li>\n<li><strong> Blocking cookies<\/strong><\/li>\n<li>You can block our use of cookies by activating the settings in your browser. Comprehensive information on cookie management and blocking for a wide variety of browsers can be found on the \u201cAll About Cookies\u201d website here:\u00a0<a href=\"http:\/\/www.allaboutcookies.org\/\">http:\/\/www.allaboutcookies.org\/<\/a>.<\/li>\n<li>You can also opt out of all Google Analytics cookies used on the Website using a browser plugin available at\u00a0<a href=\"https:\/\/tools.google.com\/dlpage\/gaoptout?hl=en\">https:\/\/tools.google.com\/dlpage\/gaoptout?hl=en<\/a>.<\/li>\n<li>Please be aware that if you use your browser settings to block all cookies (including essential cookies), it may result in parts of our Website not working properly or at all.<\/li>\n<\/ol>\n<p>&nbsp;<\/li>\n<\/ol>\n<p>[\/et_pb_text][\/et_pb_column][\/et_pb_row][\/et_pb_section]<\/p>\n","protected":false},"excerpt":{"rendered":"<p><div class=\"et_pb_row et_pb_row_0 et_pb_row_empty\">\n\t\t\t\t\n\t\t\t\t\n\t\t\t\t\n\t\t\t\t\n\t\t\t\t\n\t\t\t<\/div> This Cookie Policy (\u201cPolicy\u201d) is intended to inform you about how The hotel use a technology called \u201ccookies\u201d. This Policy is intended to assist you in making informed decisions when using our website (\u201cWebsite\u201d). Please take a minute to read and understand this Policy. This Policy should also be read in conjunction with our [&hellip;]<\/p>\n","protected":false},"author":1,"featured_media":0,"parent":0,"menu_order":0,"comment_status":"closed","ping_status":"closed","template":"","meta":{"_et_pb_use_builder":"on","_et_pb_old_content":"<ol>\r\n \t<li>Diese Cookie-Richtlinie (\"Richtlinie\") soll Sie dar\u00fcber informieren, wie das Hotel eine Technologie namens \"Cookies\" verwendet. Diese Richtlinie soll Ihnen helfen, fundierte Entscheidungen bei der Nutzung unserer Website (\"Website\") zu treffen. Bitte nehmen Sie sich eine Minute Zeit, um diese Richtlinie zu lesen und zu verstehen.<\/li>\r\n \t<li>Diese Richtlinie sollte auch in Verbindung mit unserer Datenschutzerkl\u00e4rung gelesen werden.<\/li>\r\n \t<li>Wenn Sie unsere Website weiterhin nutzen, stimmen Sie der Verwendung der in dieser Richtlinie beschriebenen Cookies zu. Wenn Sie der Verwendung von Cookies nicht zustimmen, lesen Sie bitte Abschnitt 5 dieser Richtlinie (Blockieren von Cookies).<\/li>\r\n \t<li>Was sind Cookies und was machen sie?<\/li>\r\n \t<li>Ein Cookie ist ein sehr kleines Textdokument, das oft eine anonyme eindeutige Kennung enth\u00e4lt. Wenn Sie eine Website besuchen, fragt ein Computer Ihren Computer nach der Berechtigung zum Speichern dieser Datei in einem Teil Ihrer Festplatte, der speziell f\u00fcr Cookies vorgesehen ist.<\/li>\r\n \t<li>Cookies machen viele verschiedene Aufgaben. Einige sind wesentlich f\u00fcr das Funktionieren einer Website; andere sind nicht. Informationen, die durch Cookies gesammelt werden, k\u00f6nnen das Datum und die Uhrzeit der Besuche auf einer Website, der besuchten Seiten und der auf einer Website verbrachten Zeit umfassen.<\/li>\r\n \t<li>Weitere allgemeine Informationen zu Cookies und \u00e4hnlichen Technologien finden Sie auf der \"All About Cookies\" -Website hier: <a href=\"http:\/\/www.allaboutcookies.org\/\">http:\/\/www.allaboutcookies.org\/<\/a> .<\/li>\r\n \t<li>Cookies, die wir auf unserer Website verwenden<\/li>\r\n \t<li>Essentielle Cookies: Dies sind Cookies, die f\u00fcr den Betrieb unserer Website ben\u00f6tigt werden. Dazu geh\u00f6ren beispielsweise Cookies, mit denen Sie auf unserer Website navigieren und sich in sicheren Bereichen anmelden k\u00f6nnen.<\/li>\r\n \t<li>Funktionalit\u00e4ts-Cookies: Diese Cookies werden verwendet, um Sie zu erkennen, wenn Sie auf unsere Website zur\u00fcckkehren. Dadurch k\u00f6nnen wir unsere Inhalte f\u00fcr Sie personalisieren, Sie mit Namen begr\u00fc\u00dfen und sich an Ihre Pr\u00e4ferenzen erinnern.<\/li>\r\n \t<li>Analytische Cookies: Diese Cookies erm\u00f6glichen es uns, die Anzahl der Besucher unserer Website zu erkennen und zu z\u00e4hlen, um zu sehen, wie sie sich darin bewegen und welche Teile unserer Website am beliebtesten sind. Sie helfen uns, die Funktionsweise unserer Website zu verbessern, indem wir beispielsweise sicherstellen, dass Nutzer das finden, wonach sie suchen.<\/li>\r\n \t<li>Targeting-Cookies: Diese Cookies erfassen Ihre Besuche auf unserer Website, die von Ihnen besuchten Seiten und die von Ihnen verfolgten Links. Wir werden diese Informationen verwenden, um unsere Website und die darauf angezeigte Werbung f\u00fcr Ihre Interessen relevanter zu gestalten. Wir k\u00f6nnen diese Informationen (in anonymisierter Form) auch zu diesem Zweck an Dritte weitergeben.<\/li>\r\n \t<li>Viele unserer Cookies verfallen am Ende Ihrer Sitzung oder innerhalb von zwei Tagen, obwohl einige bis zu zehn Jahre bestehen bleiben k\u00f6nnen.<\/li>\r\n \t<li>Weitere Informationen zu den einzelnen Cookies, die wir verwenden, und den Zwecken, f\u00fcr die sie verwendet werden, finden Sie in der folgenden Tabelle:<\/li>\r\n<\/ol>\r\n<table width=\"951\">\r\n<thead>\r\n<tr>\r\n<td width=\"410\"><strong>\u00a0<\/strong>\r\n\r\n<strong>Cookie<\/strong><\/td>\r\n<td width=\"445\"><strong>PURPOSE<\/strong><\/td>\r\n<td width=\"97\"><strong>DURATION<\/strong><\/td>\r\n<\/tr>\r\n<tr>\r\n<td width=\"410\">_ICL_current_language<\/td>\r\n<td width=\"445\">This cookie name is associated with a Wordpress multilingual plug-in from WPML. It stores a language value for the website. Where the cookie is set in response to a user action or request, and as long as it has a short lifespan, it can be treated as strictly necessary.<\/td>\r\n<td width=\"97\"><strong>24 hours<\/strong><\/td>\r\n<\/tr>\r\n<\/thead>\r\n<tbody>\r\n<tr>\r\n<td width=\"410\">_ga, 1P_JAR, GMAIL RTT, OTZ, S, SIDCC<\/td>\r\n<td width=\"445\">Our Website contains cookies from Google, including Google Analytics, which is a web analytics service provided by Google, Inc. The \u201c_ga\u201d cookie is used by Google Analytics to distinguished Website users. The \u201c1_P JAR\u201d cookie is used to gather website statistics and track conversion rates. \u201cGMAIL_RTT\u201d is a cookie that relates to Google services (such as Google Maps or Gmail). \u201cOTZ\u201d is a cookie used by Google Analytics that provides an aggregate analysis of Website visitors. The \u201cS\u201d cookie may collect certain information used to help improve services, including the pages users visit most often and whether users get error messages from certain pages. This cookie may also be used to anonymously measure the effectiveness of PPC (pay per click) and affiliate advertising. \u201cSIDCC\u201d is a security cookie to protect a user\u2019s data from unauthorized access.\r\n\r\n<a href=\"http:\/\/www.google.com\/intl\/en\/analytics\/privacyoverview.html\">http:\/\/www.google.com\/intl\/en\/analytics\/privacyoverview.html<\/a><\/td>\r\n<td width=\"97\">Session to two years.<\/td>\r\n<\/tr>\r\n<tr>\r\n<td width=\"410\">APISID, HSID, NID, SAPISID, SID, SSID<\/td>\r\n<td width=\"445\">Google set a number of cookies on any page that includes a Google Map. While we have no control over the cookies set by Google, they appear to include a mixture of pieces of information to measure the number and behavior of Google Maps users.<\/td>\r\n<td width=\"97\">Most of the cookies expire 10 years after your last visit to a page containing a Google Map.<\/td>\r\n<\/tr>\r\n<tr>\r\n<td width=\"410\">wordpress_logged_in_8a3504527b925fcc1dc30ec8c4af90ee<\/td>\r\n<td width=\"445\">This cookie issued by WordPress tracks if a user is currently logged into admin.<\/td>\r\n<td width=\"97\">Session.<\/td>\r\n<\/tr>\r\n<tr>\r\n<td width=\"410\">wordpress_test_cookie<\/td>\r\n<td width=\"445\">WordPress sets this cookie when you navigate to the login page. The cookie is used to check whether your web browser is set to allow, or reject cookies.<\/td>\r\n<td width=\"97\">Session.<\/td>\r\n<\/tr>\r\n<tr>\r\n<td width=\"410\">wp-settings-2, wp-settings-time-2<\/td>\r\n<td width=\"445\">WordPress uses these cookies to customize the Website\u2019s view of admin interface and possibly also the main Website interface.<\/td>\r\n<td width=\"97\">One year.<\/td>\r\n<\/tr>\r\n<\/tbody>\r\n<\/table>\r\n&nbsp;\r\n\r\n&nbsp;\r\n<ol start=\"4\">\r\n \t<li>Cookies von Drittanbietern<\/li>\r\n \t<li>Dritte (z. B. Werbenetzwerke und Anbieter von externen Diensten wie Web-Analysedienste) k\u00f6nnen ebenfalls Cookies verwenden. Bei Cookies von Drittanbietern, die Sie auf unserer Website finden, handelt es sich wahrscheinlich um Analyse-, Leistungs- oder Ziel-Cookies. Diese Cookies werden von der jeweiligen dritten Partei platziert und wir haben keine Kontrolle \u00fcber diese Cookies (au\u00dfer dass sie zugestellt werden k\u00f6nnen).<\/li>\r\n \t<li>Cookies blockieren<\/li>\r\n \t<li>Sie k\u00f6nnen die Verwendung von Cookies durch Aktivierung der Einstellungen in Ihrem Browser blockieren. Umfassende Informationen zur Cookie-Verwaltung und -Blockierung f\u00fcr eine Vielzahl von Browsern finden Sie auf der \"All About Cookies\" -Website unter <a href=\"http:\/\/www.allaboutcookies.org\/\">http:\/\/www.allaboutcookies.org\/<\/a> .<\/li>\r\n \t<li>Sie k\u00f6nnen auch alle auf der Website verwendeten Google Analytics-Cookies mit einem Browser-Plug-in deaktivieren, das unter <a href=\"https:\/\/tools.google.com\/dlpage\/gaoptout?hl=de\">https:\/\/tools.google.com\/dlpage\/gaoptout?hl=de<\/a> verf\u00fcgbar ist.<\/li>\r\n \t<li>Bitte beachten Sie, dass, wenn Sie Ihre Browsereinstellungen verwenden, um alle Cookies (einschlie\u00dflich essentieller Cookies) zu blockieren, dazu f\u00fchren kann, dass Teile unserer Website nicht richtig oder gar nicht funktionieren.<\/li>\r\n<\/ol>","_et_gb_content_width":"","ngg_post_thumbnail":0,"footnotes":""},"class_list":["post-297","page","type-page","status-publish","hentry"],"_links":{"self":[{"href":"https:\/\/www.irohouse.com\/en\/wp-json\/wp\/v2\/pages\/297","targetHints":{"allow":["GET"]}}],"collection":[{"href":"https:\/\/www.irohouse.com\/en\/wp-json\/wp\/v2\/pages"}],"about":[{"href":"https:\/\/www.irohouse.com\/en\/wp-json\/wp\/v2\/types\/page"}],"author":[{"embeddable":true,"href":"https:\/\/www.irohouse.com\/en\/wp-json\/wp\/v2\/users\/1"}],"replies":[{"embeddable":true,"href":"https:\/\/www.irohouse.com\/en\/wp-json\/wp\/v2\/comments?post=297"}],"version-history":[{"count":5,"href":"https:\/\/www.irohouse.com\/en\/wp-json\/wp\/v2\/pages\/297\/revisions"}],"predecessor-version":[{"id":323,"href":"https:\/\/www.irohouse.com\/en\/wp-json\/wp\/v2\/pages\/297\/revisions\/323"}],"wp:attachment":[{"href":"https:\/\/www.irohouse.com\/en\/wp-json\/wp\/v2\/media?parent=297"}],"curies":[{"name":"wp","href":"https:\/\/api.w.org\/{rel}","templated":true}]}}